{"id":1210,"date":"2018-12-01T15:21:28","date_gmt":"2018-12-01T15:21:28","guid":{"rendered":"http:\/\/laufseggenelauf.de\/?page_id=1210"},"modified":"2024-06-27T16:00:20","modified_gmt":"2024-06-27T16:00:20","slug":"ausfluege","status":"publish","type":"page","link":"https:\/\/laufseggenelauf.de\/?page_id=1210","title":{"rendered":"Ausfl\u00fcge"},"content":{"rendered":"\n<p>Lauftreff Mannheim &#8211; Seckenheim<\/p>\n\n\n<p><strong>Lauftreff-Ausfl\u00fcge <\/strong><\/p>\n<p><strong>2013<\/strong><\/p>\n<ol>Allg\u00e4u mit Nebenhornlauf<\/ol>\n<p><img loading=\"lazy\" decoding=\"async\" class=\"aligncenter size-full wp-image-1251\" src=\"https:\/\/laufseggenelauf.de\/wp-content\/uploads\/2018\/12\/2013_Sesselalpe_Oberstdorf-019.jpg\" alt=\"\" width=\"5472\" height=\"3648\" srcset=\"https:\/\/laufseggenelauf.de\/wp-content\/uploads\/2018\/12\/2013_Sesselalpe_Oberstdorf-019.jpg 5472w, https:\/\/laufseggenelauf.de\/wp-content\/uploads\/2018\/12\/2013_Sesselalpe_Oberstdorf-019-600x400.jpg 600w, https:\/\/laufseggenelauf.de\/wp-content\/uploads\/2018\/12\/2013_Sesselalpe_Oberstdorf-019-768x512.jpg 768w, https:\/\/laufseggenelauf.de\/wp-content\/uploads\/2018\/12\/2013_Sesselalpe_Oberstdorf-019-1920x1280.jpg 1920w\" sizes=\"auto, (max-width: 5472px) 100vw, 5472px\" \/><\/p>\n<p><img loading=\"lazy\" decoding=\"async\" class=\"aligncenter size-full wp-image-1254\" src=\"https:\/\/laufseggenelauf.de\/wp-content\/uploads\/2018\/12\/2013_Sesselalpe_Oberstdorf-060.jpg\" alt=\"\" width=\"5472\" height=\"3648\" srcset=\"https:\/\/laufseggenelauf.de\/wp-content\/uploads\/2018\/12\/2013_Sesselalpe_Oberstdorf-060.jpg 5472w, https:\/\/laufseggenelauf.de\/wp-content\/uploads\/2018\/12\/2013_Sesselalpe_Oberstdorf-060-600x400.jpg 600w, https:\/\/laufseggenelauf.de\/wp-content\/uploads\/2018\/12\/2013_Sesselalpe_Oberstdorf-060-768x512.jpg 768w, https:\/\/laufseggenelauf.de\/wp-content\/uploads\/2018\/12\/2013_Sesselalpe_Oberstdorf-060-1920x1280.jpg 1920w\" sizes=\"auto, (max-width: 5472px) 100vw, 5472px\" \/><\/p>\n<p><strong>2014<\/strong><\/p>\n<ol>Citylauf Dresden<\/ol>\n<p><img loading=\"lazy\" decoding=\"async\" class=\"aligncenter size-full wp-image-1255\" src=\"https:\/\/laufseggenelauf.de\/wp-content\/uploads\/2018\/12\/IMG_0362.jpg\" alt=\"\" width=\"4608\" height=\"3456\" srcset=\"https:\/\/laufseggenelauf.de\/wp-content\/uploads\/2018\/12\/IMG_0362.jpg 4608w, https:\/\/laufseggenelauf.de\/wp-content\/uploads\/2018\/12\/IMG_0362-600x450.jpg 600w, https:\/\/laufseggenelauf.de\/wp-content\/uploads\/2018\/12\/IMG_0362-768x576.jpg 768w, https:\/\/laufseggenelauf.de\/wp-content\/uploads\/2018\/12\/IMG_0362-1920x1440.jpg 1920w\" sizes=\"auto, (max-width: 4608px) 100vw, 4608px\" \/><img loading=\"lazy\" decoding=\"async\" class=\"aligncenter size-full wp-image-1256\" src=\"https:\/\/laufseggenelauf.de\/wp-content\/uploads\/2018\/12\/DSC_0098.jpg\" alt=\"\" width=\"4288\" height=\"2848\" srcset=\"https:\/\/laufseggenelauf.de\/wp-content\/uploads\/2018\/12\/DSC_0098.jpg 4288w, https:\/\/laufseggenelauf.de\/wp-content\/uploads\/2018\/12\/DSC_0098-600x399.jpg 600w, https:\/\/laufseggenelauf.de\/wp-content\/uploads\/2018\/12\/DSC_0098-768x510.jpg 768w, https:\/\/laufseggenelauf.de\/wp-content\/uploads\/2018\/12\/DSC_0098-1920x1275.jpg 1920w\" sizes=\"auto, (max-width: 4288px) 100vw, 4288px\" \/><\/p>\n<ol>M\u00fcnchen-Marathon<\/ol>\n<p><strong>2015<\/strong><\/p>\n<ol>Freiburg-Marathon<\/ol>\n<p><strong>2016<\/strong><\/p>\n<ol>3-L\u00e4nder-Marathon Lindau-Bregenz<\/ol>\n<p><strong>2018<\/strong><\/p>\n<ol>Rennsteig<\/ol>\n<p><strong>2019<\/strong><\/p>\n<ol>&#8222;Mozart 100&#8220; von 9 km bis Ultra &#8230;<\/ol>\n\n\n<figure class=\"wp-block-image\"><img loading=\"lazy\" decoding=\"async\" width=\"1273\" height=\"1920\" src=\"https:\/\/laufseggenelauf.de\/wp-content\/uploads\/2019\/09\/20190615_144953-e1569866417170-1273x1920.jpg\" alt=\"\" class=\"wp-image-1677\" srcset=\"https:\/\/laufseggenelauf.de\/wp-content\/uploads\/2019\/09\/20190615_144953-e1569866417170-1273x1920.jpg 1273w, https:\/\/laufseggenelauf.de\/wp-content\/uploads\/2019\/09\/20190615_144953-e1569866417170-398x600.jpg 398w, https:\/\/laufseggenelauf.de\/wp-content\/uploads\/2019\/09\/20190615_144953-e1569866417170-768x1158.jpg 768w\" sizes=\"auto, (max-width: 1273px) 100vw, 1273px\" \/><\/figure>\n\n\n\n<p><\/p>\n\n\n\n<p><strong>2025<\/strong><\/p>\n\n\n\n<p class=\"has-text-align-left\">            Plan: Rom-Marathon<\/p>\n\n\n\n<p><\/p>\n","protected":false},"excerpt":{"rendered":"<p>Lauftreff Mannheim &#8211; Seckenheim Lauftreff-Ausfl\u00fcge 2013 Allg\u00e4u mit Nebenhornlauf 2014 Citylauf Dresden M\u00fcnchen-Marathon 2015 Freiburg-Marathon 2016 3-L\u00e4nder-Marathon Lindau-Bregenz 2018 Rennsteig 2019 &#8222;Mozart 100&#8220; von 9 km bis Ultra &#8230; 2025 Plan: Rom-Marathon<\/p>\n","protected":false},"author":1,"featured_media":0,"parent":0,"menu_order":3,"comment_status":"closed","ping_status":"closed","template":"","meta":{"footnotes":""},"class_list":["post-1210","page","type-page","status-publish","hentry"],"_links":{"self":[{"href":"https:\/\/laufseggenelauf.de\/index.php?rest_route=\/wp\/v2\/pages\/1210","targetHints":{"allow":["GET"]}}],"collection":[{"href":"https:\/\/laufseggenelauf.de\/index.php?rest_route=\/wp\/v2\/pages"}],"about":[{"href":"https:\/\/laufseggenelauf.de\/index.php?rest_route=\/wp\/v2\/types\/page"}],"author":[{"embeddable":true,"href":"https:\/\/laufseggenelauf.de\/index.php?rest_route=\/wp\/v2\/users\/1"}],"replies":[{"embeddable":true,"href":"https:\/\/laufseggenelauf.de\/index.php?rest_route=%2Fwp%2Fv2%2Fcomments&post=1210"}],"version-history":[{"count":14,"href":"https:\/\/laufseggenelauf.de\/index.php?rest_route=\/wp\/v2\/pages\/1210\/revisions"}],"predecessor-version":[{"id":2636,"href":"https:\/\/laufseggenelauf.de\/index.php?rest_route=\/wp\/v2\/pages\/1210\/revisions\/2636"}],"wp:attachment":[{"href":"https:\/\/laufseggenelauf.de\/index.php?rest_route=%2Fwp%2Fv2%2Fmedia&parent=1210"}],"curies":[{"name":"wp","href":"https:\/\/api.w.org\/{rel}","templated":true}]}}